{"id":262900,"date":"2023-03-30T17:39:41","date_gmt":"2023-03-30T15:39:41","guid":{"rendered":"https:\/\/othal.de\/vstupni-stranka-zima\/prijezd\/"},"modified":"2026-05-12T13:50:49","modified_gmt":"2026-05-12T11:50:49","slug":"prijezd","status":"publish","type":"page","link":"https:\/\/othal.de\/cs\/vstupni-stranka-zima\/prijezd\/","title":{"rendered":"P\u0159\u00edjezd"},"content":{"rendered":"<p>[et_pb_section fb_built=&#8220;1&#8243; custom_padding_last_edited=&#8220;on|phone&#8220; _builder_version=&#8220;4.19.4&#8243; _module_preset=&#8220;default&#8220; use_background_color_gradient=&#8220;on&#8220; background_color_gradient_stops=&#8220;rgba(43,135,218,0) 64%|rgba(244,244,244,0.85) 89%|#ffffff 100%&#8220; background_color_gradient_overlays_image=&#8220;on&#8220; background_image=&#8220;https:\/\/othal.de\/wp-content\/uploads\/2023\/03\/oberwiesenthal-sonnenaufgang-fichtelberg.jpg&#8220; height=&#8220;100vh&#8220; height_tablet=&#8220;80vh&#8220; height_phone=&#8220;81vh&#8220; height_last_edited=&#8220;on|phone&#8220; custom_padding=&#8220;0px|||||&#8220; custom_padding_tablet=&#8220;60px||||false|false&#8220; custom_padding_phone=&#8220;60px||||false|false&#8220; background_last_edited=&#8220;on|phone&#8220; background_position_phone=&#8220;top_left&#8220; global_colors_info=&#8220;{}&#8220;][et_pb_row column_structure=&#8220;1_4,1_2,1_4&#8243; use_custom_gutter=&#8220;on&#8220; gutter_width=&#8220;1&#8243; custom_padding_last_edited=&#8220;off|desktop&#8220; disabled_on=&#8220;on|on|off&#8220; _builder_version=&#8220;4.20.4&#8243; _module_preset=&#8220;00716e6e-9647-4a8c-97cc-9536973c3491&#8243; background_enable_color=&#8220;off&#8220; positioning=&#8220;absolute&#8220; position_origin_a=&#8220;top_center&#8220; z_index=&#8220;100&#8243; width_tablet=&#8220;100%&#8220; width_phone=&#8220;100%&#8220; width_last_edited=&#8220;on|tablet&#8220; max_width=&#8220;1080px&#8220; max_width_tablet=&#8220;100%&#8220; max_width_phone=&#8220;100%&#8220; height=&#8220;150px&#8220; custom_margin=&#8220;||||false|false&#8220; custom_padding=&#8220;0px||0px||true|false&#8220; custom_padding_tablet=&#8220;|||10vw|true|false&#8220; custom_padding_phone=&#8220;|||5vw|true|false&#8220; custom_css_main_element=&#8220;display: flex;&#8220; global_module=&#8220;254761&#8243; saved_tabs=&#8220;all&#8220; locked=&#8220;off&#8220; global_colors_info=&#8220;{}&#8220;][et_pb_column type=&#8220;1_4&#8243; _builder_version=&#8220;4.19.4&#8243; _module_preset=&#8220;default&#8220; custom_css_main_element=&#8220;display:flex;||margin:auto!important&#8220; global_colors_info=&#8220;{}&#8220;][et_pb_blurb title=&#8220;Zima&#8220; url=&#8220;@ET-DC@eyJkeW5hbWljIjp0cnVlLCJjb250ZW50IjoicG9zdF9saW5rX3VybF9wYWdlIiwic2V0dGluZ3MiOnsicG9zdF9pZCI6IjEwIn19@&#8220; image=&#8220;https:\/\/othal.de\/wp-content\/uploads\/\/Winter-Flocke-blue.svg&#8220; icon_placement=&#8220;left&#8220; image_icon_width=&#8220;16px&#8220; image_icon_width_tablet=&#8220;71%&#8220; image_icon_width_phone=&#8220;16px&#8220; image_icon_width_last_edited=&#8220;on|phone&#8220; module_id=&#8220;winter&#8220; _builder_version=&#8220;4.20.4&#8243; _dynamic_attributes=&#8220;url,link_option_url&#8220; _module_preset=&#8220;default&#8220; header_font=&#8220;|600|||||||&#8220; header_text_color=&#8220;#20358c&#8220; header_font_size=&#8220;18px&#8220; header_line_height=&#8220;20px&#8220; module_alignment=&#8220;left&#8220; custom_margin=&#8220;||||false|false&#8220; custom_margin_tablet=&#8220;15px||||false|false&#8220; custom_margin_phone=&#8220;15px||||false|false&#8220; custom_margin_last_edited=&#8220;on|tablet&#8220; link_option_url=&#8220;@ET-DC@eyJkeW5hbWljIjp0cnVlLCJjb250ZW50IjoicG9zdF9saW5rX3VybF9wYWdlIiwic2V0dGluZ3MiOnsicG9zdF9pZCI6IjEwIn19@&#8220; custom_css_main_element=&#8220;display:flex;||align-items:center&#8220; global_colors_info=&#8220;{}&#8220;][\/et_pb_blurb][et_pb_blurb title=&#8220;L\u00e9to&#8220; url=&#8220;@ET-DC@eyJkeW5hbWljIjp0cnVlLCJjb250ZW50IjoicG9zdF9saW5rX3VybF9wYWdlIiwic2V0dGluZ3MiOnsicG9zdF9pZCI6IjI1NDczNyJ9fQ==@&#8220; image=&#8220;https:\/\/othal.de\/wp-content\/uploads\/\/Sommer-Sonne-blue.svg&#8220; icon_placement=&#8220;left&#8220; image_icon_width=&#8220;16px&#8220; image_icon_width_tablet=&#8220;71%&#8220; image_icon_width_phone=&#8220;16px&#8220; image_icon_width_last_edited=&#8220;on|phone&#8220; module_id=&#8220;winter&#8220; _builder_version=&#8220;4.20.4&#8243; _dynamic_attributes=&#8220;url,link_option_url&#8220; _module_preset=&#8220;default&#8220; header_font=&#8220;|300|||||||&#8220; header_text_color=&#8220;#20358c&#8220; header_font_size=&#8220;18px&#8220; header_line_height=&#8220;20px&#8220; module_alignment=&#8220;left&#8220; custom_margin=&#8220;||||false|false&#8220; custom_margin_tablet=&#8220;15px||||false|false&#8220; custom_margin_phone=&#8220;15px||||false|false&#8220; custom_margin_last_edited=&#8220;on|tablet&#8220; link_option_url=&#8220;@ET-DC@eyJkeW5hbWljIjp0cnVlLCJjb250ZW50IjoicG9zdF9saW5rX3VybF9wYWdlIiwic2V0dGluZ3MiOnsicG9zdF9pZCI6IjI1NDczNyJ9fQ==@&#8220; custom_css_main_element=&#8220;display:flex;||align-items:center&#8220; global_colors_info=&#8220;{}&#8220;][\/et_pb_blurb][\/et_pb_column][et_pb_column type=&#8220;1_2&#8243; _builder_version=&#8220;4.19.4&#8243; _module_preset=&#8220;default&#8220; custom_css_main_element=&#8220;display:flex;||margin:auto!important;||justify-content: flex-end&#8220; global_colors_info=&#8220;{}&#8220;][\/et_pb_column][et_pb_column type=&#8220;1_4&#8243; _builder_version=&#8220;4.16&#8243; _module_preset=&#8220;default&#8220; global_colors_info=&#8220;{}&#8220;][\/et_pb_column][\/et_pb_row][et_pb_row _builder_version=&#8220;4.19.4&#8243; _module_preset=&#8220;default&#8220; positioning=&#8220;absolute&#8220; position_origin_a=&#8220;bottom_center&#8220; vertical_offset=&#8220;30px&#8220; vertical_offset_tablet=&#8220;0px&#8220; vertical_offset_phone=&#8220;&#8220; vertical_offset_last_edited=&#8220;on|desktop&#8220; max_width=&#8220;80%&#8220; global_colors_info=&#8220;{}&#8220;][et_pb_column type=&#8220;4_4&#8243; _builder_version=&#8220;4.19.4&#8243; _module_preset=&#8220;default&#8220; global_colors_info=&#8220;{}&#8220;][et_pb_text _builder_version=&#8220;4.19.4&#8243; _module_preset=&#8220;default&#8220; text_font=&#8220;|700|||||||&#8220; text_text_color=&#8220;#20358c&#8220; text_font_size=&#8220;25px&#8220; header_font=&#8220;Zenith||||||||&#8220; header_font_size=&#8220;100px&#8220; header_2_font=&#8220;|600||on|||||&#8220; header_2_text_color=&#8220;#20358c&#8220; header_2_font_size=&#8220;40px&#8220; header_3_font=&#8220;|600||on|||||&#8220; header_3_text_color=&#8220;#20358c&#8220; header_3_font_size_tablet=&#8220;&#8220; header_3_font_size_phone=&#8220;26px&#8220; header_3_font_size_last_edited=&#8220;on|tablet&#8220; global_colors_info=&#8220;{}&#8220;]<\/p>\n<h1>P\u0159\u00edjezd<\/h1>\n<h2>do Oberwiesenthalu<\/h2>\n<p>[\/et_pb_text][\/et_pb_column][\/et_pb_row][\/et_pb_section][et_pb_section fb_built=&#8220;1&#8243; _builder_version=&#8220;4.19.4&#8243; _module_preset=&#8220;default&#8220; custom_margin=&#8220;||||false|false&#8220; custom_padding=&#8220;||||false|false&#8220; global_colors_info=&#8220;{}&#8220;][et_pb_row use_custom_gutter=&#8220;on&#8220; gutter_width=&#8220;2&#8243; make_equal=&#8220;on&#8220; custom_padding_last_edited=&#8220;on|tablet&#8220; _builder_version=&#8220;4.19.4&#8243; _module_preset=&#8220;default&#8220; custom_padding_tablet=&#8220;0px||||false|false&#8220; custom_padding_phone=&#8220;0px||||false|false&#8220; global_colors_info=&#8220;{}&#8220; custom_css_main_element_last_edited=&#8220;on|desktop&#8220; custom_css_main_element_tablet=&#8220;display:flex!important;||justify-content: space-between&#8220; custom_css_main_element_phone=&#8220;display:flex!important;||justify-content: space-between&#8220;][et_pb_column type=&#8220;4_4&#8243; _builder_version=&#8220;4.19.4&#8243; _module_preset=&#8220;default&#8220; global_colors_info=&#8220;{}&#8220; custom_css_main_element_last_edited=&#8220;off|tablet&#8220; custom_css_main_element_tablet=&#8220;width:23%!important;||&#8220; custom_css_main_element_phone=&#8220;width:49%!important&#8220;][et_pb_image src=&#8220;https:\/\/othal.de\/wp-content\/uploads\/2023\/03\/Icons-OTHAL_Auto.svg&#8220; title_text=&#8220;Icons-OTHAL_Auto&#8220; _builder_version=&#8220;4.19.4&#8243; _module_preset=&#8220;default&#8220; positioning=&#8220;absolute&#8220; horizontal_offset=&#8220;-60px&#8220; width=&#8220;100%&#8220; global_colors_info=&#8220;{}&#8220;][\/et_pb_image][et_pb_text _builder_version=&#8220;4.19.4&#8243; _module_preset=&#8220;default&#8220; text_text_color=&#8220;#383937&#8243; header_font=&#8220;Zenith||||||||&#8220; header_text_align=&#8220;left&#8220; header_line_height=&#8220;0.6em&#8220; header_2_font=&#8220;|600||on|||||&#8220; header_2_text_align=&#8220;left&#8220; header_2_text_color=&#8220;#e71230&#8243; width_tablet=&#8220;100%&#8220; width_phone=&#8220;&#8220; width_last_edited=&#8220;on|tablet&#8220; module_alignment=&#8220;right&#8220; custom_margin=&#8220;60px||||false|false&#8220; global_colors_info=&#8220;{}&#8220;]<\/p>\n<h3>P\u0159\u00edjezd autem<\/h3>\n<p><strong>Ze sm\u011bru od Dr\u00e1\u017e\u010fan:<\/strong><br \/>\u2013 na k\u0159i\u017eovatce Chemnitz sje\u010fte z A4 a pokra\u010dujte po A72 sm\u011brem na Hof<br \/>\u2013 na sjezdu 13-Stollberg West opus\u0165te A72 a pokra\u010dujte po B169 sm\u011brem na Stollberg-West\/Zw\u00f6nitz<\/p>\n<p>[\/et_pb_text][et_pb_button button_url=&#8220;https:\/\/goo.gl\/maps\/m6ACpcdiwcpLC5rL9&#8243; button_text=&#8220;napl\u00e1novat v Google Maps&#8220; button_alignment=&#8220;left&#8220; button_alignment_tablet=&#8220;left&#8220; button_alignment_phone=&#8220;left&#8220; button_alignment_last_edited=&#8220;on|tablet&#8220; _builder_version=&#8220;4.19.4&#8243; _module_preset=&#8220;default&#8220; custom_button=&#8220;on&#8220; button_text_size=&#8220;16px&#8220; button_text_color=&#8220;#FFFFFF&#8220; button_bg_color=&#8220;#E71230&#8243; button_border_width=&#8220;1px&#8220; button_border_color=&#8220;#FFFFFF&#8220; button_border_radius=&#8220;0px&#8220; button_use_icon=&#8220;off&#8220; button_text_size_tablet=&#8220;16px&#8220; button_text_size_phone=&#8220;14px&#8220; button_text_size_last_edited=&#8220;on|phone&#8220; locked=&#8220;off&#8220; global_colors_info=&#8220;{}&#8220; button_border_color__hover_enabled=&#8220;on|hover&#8220; button_border_color__hover=&#8220;#E71230&#8243; button_bg_color__hover_enabled=&#8220;on|hover&#8220; button_bg_color__hover=&#8220;#FFFFFF&#8220; button_bg_enable_color__hover=&#8220;on&#8220; button_border_width__hover_enabled=&#8220;on|desktop&#8220; button_border_width__hover=&#8220;1px&#8220; button_text_color__hover_enabled=&#8220;on|hover&#8220; button_text_color__hover=&#8220;#E71230&#8243;][\/et_pb_button][\/et_pb_column][\/et_pb_row][et_pb_row use_custom_gutter=&#8220;on&#8220; gutter_width=&#8220;2&#8243; make_equal=&#8220;on&#8220; custom_padding_last_edited=&#8220;on|tablet&#8220; _builder_version=&#8220;4.19.4&#8243; _module_preset=&#8220;default&#8220; custom_padding_tablet=&#8220;0px||||false|false&#8220; custom_padding_phone=&#8220;0px||||false|false&#8220; global_colors_info=&#8220;{}&#8220; custom_css_main_element_last_edited=&#8220;on|desktop&#8220; custom_css_main_element_tablet=&#8220;display:flex!important;||justify-content: space-between&#8220; custom_css_main_element_phone=&#8220;display:flex!important;||justify-content: space-between&#8220;][et_pb_column type=&#8220;4_4&#8243; _builder_version=&#8220;4.19.4&#8243; _module_preset=&#8220;default&#8220; global_colors_info=&#8220;{}&#8220; custom_css_main_element_last_edited=&#8220;off|tablet&#8220; custom_css_main_element_tablet=&#8220;width:23%!important;||&#8220; custom_css_main_element_phone=&#8220;width:49%!important&#8220;][et_pb_image src=&#8220;https:\/\/othal.de\/wp-content\/uploads\/2023\/03\/Icons-OTHAL_Flugzeug.svg&#8220; title_text=&#8220;Icons-OTHAL_Flugzeug&#8220; _builder_version=&#8220;4.19.4&#8243; _module_preset=&#8220;default&#8220; positioning=&#8220;absolute&#8220; horizontal_offset=&#8220;-60px&#8220; width=&#8220;100%&#8220; global_colors_info=&#8220;{}&#8220;][\/et_pb_image][et_pb_text _builder_version=&#8220;4.19.4&#8243; _module_preset=&#8220;default&#8220; text_text_color=&#8220;#383937&#8243; header_font=&#8220;Zenith||||||||&#8220; header_text_align=&#8220;left&#8220; header_line_height=&#8220;0.6em&#8220; header_2_font=&#8220;|600||on|||||&#8220; header_2_text_align=&#8220;left&#8220; header_2_text_color=&#8220;#e71230&#8243; width_tablet=&#8220;100%&#8220; width_phone=&#8220;&#8220; width_last_edited=&#8220;on|tablet&#8220; module_alignment=&#8220;right&#8220; custom_margin=&#8220;80px||||false|false&#8220; custom_padding=&#8220;0px|||||&#8220; global_colors_info=&#8220;{}&#8220;]<\/p>\n<h3>P\u0159\u00edjezd letadlem<\/h3>\n<p><strong>Nejbli\u017e\u0161\u00ed leti\u0161t\u011b:<\/strong><br \/>Leti\u0161t\u011b Dr\u00e1\u017e\u010fany (DRS) \u2013 cca 140 km <br \/>Leti\u0161t\u011b Leipzig\/Halle (LEJ) \u2013 cca 170 km<br \/>Leti\u0161t\u011b Norimberk (NUE) \u2013 cca 240 km<\/p>\n<p>[\/et_pb_text][\/et_pb_column][\/et_pb_row][\/et_pb_section]<\/p>\n<span class=\"et_bloom_bottom_trigger\"><\/span>","protected":false},"excerpt":{"rendered":"<p>P\u0159\u00edjezd do OberwiesenthaluP\u0159\u00edjezd autem Ze sm\u011bru od Dr\u00e1\u017e\u010fan:- na k\u0159i\u017eovatce Chemnitz sje\u010fte z A4 a pokra\u010dujte po A72 sm\u011brem na Hof- na sjezdu 13-Stollberg West opus\u0165te A72 a pokra\u010dujte po B169 sm\u011brem na Stollberg-West\/Zw\u00f6nitzP\u0159\u00edjezd letadlem Nejbli\u017e\u0161\u00ed leti\u0161t\u011b:Leti\u0161t\u011b Dr\u00e1\u017e\u010fany (DRS) \u2013 cca 140 km Leti\u0161t\u011b Leipzig\/Halle (LEJ) \u2013 cca 170 kmLeti\u0161t\u011b Norimberk (NUE) \u2013 cca 240 [&hellip;]<\/p>\n","protected":false},"author":1,"featured_media":0,"parent":262646,"menu_order":0,"comment_status":"closed","ping_status":"closed","template":"","meta":{"_acf_changed":false,"_et_pb_use_builder":"on","_et_pb_old_content":"","_et_gb_content_width":"","inline_featured_image":false,"footnotes":""},"class_list":["post-262900","page","type-page","status-publish","hentry"],"acf":[],"_links":{"self":[{"href":"https:\/\/othal.de\/cs\/wp-json\/wp\/v2\/pages\/262900","targetHints":{"allow":["GET"]}}],"collection":[{"href":"https:\/\/othal.de\/cs\/wp-json\/wp\/v2\/pages"}],"about":[{"href":"https:\/\/othal.de\/cs\/wp-json\/wp\/v2\/types\/page"}],"author":[{"embeddable":true,"href":"https:\/\/othal.de\/cs\/wp-json\/wp\/v2\/users\/1"}],"replies":[{"embeddable":true,"href":"https:\/\/othal.de\/cs\/wp-json\/wp\/v2\/comments?post=262900"}],"version-history":[{"count":2,"href":"https:\/\/othal.de\/cs\/wp-json\/wp\/v2\/pages\/262900\/revisions"}],"predecessor-version":[{"id":262910,"href":"https:\/\/othal.de\/cs\/wp-json\/wp\/v2\/pages\/262900\/revisions\/262910"}],"up":[{"embeddable":true,"href":"https:\/\/othal.de\/cs\/wp-json\/wp\/v2\/pages\/262646"}],"wp:attachment":[{"href":"https:\/\/othal.de\/cs\/wp-json\/wp\/v2\/media?parent=262900"}],"curies":[{"name":"wp","href":"https:\/\/api.w.org\/{rel}","templated":true}]}}