{"id":262707,"date":"2023-02-18T18:16:46","date_gmt":"2023-02-18T17:16:46","guid":{"rendered":"https:\/\/othal.de\/interskiregion-fichtelberg-klinovec\/"},"modified":"2026-05-12T13:45:22","modified_gmt":"2026-05-12T11:45:22","slug":"interskiregion-fichtelberg-klinovec","status":"publish","type":"page","link":"https:\/\/othal.de\/cs\/vstupni-stranka-zima\/lyzarska-oblast\/interskiregion-fichtelberg-klinovec\/","title":{"rendered":"Interskiregion Fichtelberg \u2013 Kl\u00ednovec"},"content":{"rendered":"<p>[et_pb_section fb_built=&#8220;1&#8243; custom_padding_last_edited=&#8220;on|phone&#8220; _builder_version=&#8220;4.19.4&#8243; _module_preset=&#8220;default&#8220; use_background_color_gradient=&#8220;on&#8220; background_color_gradient_stops=&#8220;rgba(43,135,218,0) 64%|rgba(244,244,244,0.85) 89%|#ffffff 100%&#8220; background_color_gradient_overlays_image=&#8220;on&#8220; background_image=&#8220;https:\/\/othal.de\/wp-content\/uploads\/2023\/03\/oberwiesenthal-interskiregion-fichtelberg-klinovec.jpg&#8220; height=&#8220;100vh&#8220; height_tablet=&#8220;80vh&#8220; height_phone=&#8220;81vh&#8220; height_last_edited=&#8220;on|phone&#8220; custom_padding=&#8220;0px|||||&#8220; custom_padding_tablet=&#8220;60px||||false|false&#8220; custom_padding_phone=&#8220;60px||||false|false&#8220; background_last_edited=&#8220;on|phone&#8220; background_position_phone=&#8220;top_left&#8220; global_colors_info=&#8220;{}&#8220;][et_pb_row column_structure=&#8220;1_4,1_2,1_4&#8243; use_custom_gutter=&#8220;on&#8220; gutter_width=&#8220;1&#8243; custom_padding_last_edited=&#8220;off|desktop&#8220; disabled_on=&#8220;on|on|off&#8220; _builder_version=&#8220;4.23.4&#8243; _module_preset=&#8220;00716e6e-9647-4a8c-97cc-9536973c3491&#8243; background_enable_color=&#8220;off&#8220; positioning=&#8220;absolute&#8220; position_origin_a=&#8220;top_center&#8220; z_index=&#8220;100&#8243; width_tablet=&#8220;100%&#8220; width_phone=&#8220;100%&#8220; width_last_edited=&#8220;on|tablet&#8220; max_width=&#8220;1080px&#8220; max_width_tablet=&#8220;100%&#8220; max_width_phone=&#8220;100%&#8220; height=&#8220;150px&#8220; custom_margin=&#8220;||||false|false&#8220; custom_padding=&#8220;0px||0px||true|false&#8220; custom_padding_tablet=&#8220;|||10vw|true|false&#8220; custom_padding_phone=&#8220;|||5vw|true|false&#8220; custom_css_main_element=&#8220;display: flex;&#8220; global_module=&#8220;254761&#8243; saved_tabs=&#8220;all&#8220; locked=&#8220;off&#8220; global_colors_info=&#8220;{}&#8220;][et_pb_column type=&#8220;1_4&#8243; _builder_version=&#8220;4.19.4&#8243; _module_preset=&#8220;default&#8220; custom_css_main_element=&#8220;display:flex;||margin:auto!important&#8220; global_colors_info=&#8220;{}&#8220;][et_pb_blurb title=&#8220;Zima&#8220; url=&#8220;@ET-DC@eyJkeW5hbWljIjp0cnVlLCJjb250ZW50IjoicG9zdF9saW5rX3VybF9wYWdlIiwic2V0dGluZ3MiOnsicG9zdF9pZCI6IjEwIn19@&#8220; image=&#8220;https:\/\/othal.de\/wp-content\/uploads\/\/Icons-OTHAL_WINTER-Flocke.svg&#8220; icon_placement=&#8220;left&#8220; image_icon_width=&#8220;16px&#8220; image_icon_width_tablet=&#8220;71%&#8220; image_icon_width_phone=&#8220;16px&#8220; image_icon_width_last_edited=&#8220;on|phone&#8220; module_id=&#8220;winter&#8220; _builder_version=&#8220;4.20.4&#8243; _dynamic_attributes=&#8220;url,link_option_url&#8220; _module_preset=&#8220;default&#8220; header_font=&#8220;|600|||||||&#8220; header_text_color=&#8220;#20358c&#8220; header_font_size=&#8220;18px&#8220; header_line_height=&#8220;20px&#8220; module_alignment=&#8220;left&#8220; custom_margin=&#8220;||||false|false&#8220; custom_margin_tablet=&#8220;15px||||false|false&#8220; custom_margin_phone=&#8220;15px||||false|false&#8220; custom_margin_last_edited=&#8220;on|tablet&#8220; link_option_url=&#8220;@ET-DC@eyJkeW5hbWljIjp0cnVlLCJjb250ZW50IjoicG9zdF9saW5rX3VybF9wYWdlIiwic2V0dGluZ3MiOnsicG9zdF9pZCI6IjEwIn19@&#8220; custom_css_main_element=&#8220;display:flex;||align-items:center&#8220; global_colors_info=&#8220;{}&#8220;][\/et_pb_blurb][et_pb_blurb title=&#8220;L\u00e9to&#8220; url=&#8220;@ET-DC@eyJkeW5hbWljIjp0cnVlLCJjb250ZW50IjoicG9zdF9saW5rX3VybF9wYWdlIiwic2V0dGluZ3MiOnsicG9zdF9pZCI6IjI1NDczNyJ9fQ==@&#8220; image=&#8220;https:\/\/othal.de\/wp-content\/uploads\/\/Icons-OTHAL_WINTER-Sonne.svg&#8220; icon_placement=&#8220;left&#8220; image_icon_width=&#8220;16px&#8220; image_icon_width_tablet=&#8220;71%&#8220; image_icon_width_phone=&#8220;16px&#8220; image_icon_width_last_edited=&#8220;on|phone&#8220; module_id=&#8220;winter&#8220; _builder_version=&#8220;4.20.4&#8243; _dynamic_attributes=&#8220;url,link_option_url&#8220; _module_preset=&#8220;default&#8220; header_font=&#8220;|300|||||||&#8220; header_text_color=&#8220;#20358c&#8220; header_font_size=&#8220;18px&#8220; header_line_height=&#8220;20px&#8220; module_alignment=&#8220;left&#8220; custom_margin=&#8220;||||false|false&#8220; custom_margin_tablet=&#8220;15px||||false|false&#8220; custom_margin_phone=&#8220;15px||||false|false&#8220; custom_margin_last_edited=&#8220;on|tablet&#8220; link_option_url=&#8220;@ET-DC@eyJkeW5hbWljIjp0cnVlLCJjb250ZW50IjoicG9zdF9saW5rX3VybF9wYWdlIiwic2V0dGluZ3MiOnsicG9zdF9pZCI6IjI1NDczNyJ9fQ==@&#8220; custom_css_main_element=&#8220;display:flex;||align-items:center&#8220; global_colors_info=&#8220;{}&#8220;][\/et_pb_blurb][\/et_pb_column][et_pb_column type=&#8220;1_2&#8243; _builder_version=&#8220;4.21.0&#8243; _dynamic_attributes=&#8220;link_option_url&#8220; _module_preset=&#8220;default&#8220; link_option_url=&#8220;@ET-DC@eyJkeW5hbWljIjp0cnVlLCJjb250ZW50IjoiaG9tZV91cmwiLCJzZXR0aW5ncyI6W119@&#8220; custom_css_main_element=&#8220;display:flex;||margin:auto!important;||justify-content: flex-end&#8220; global_colors_info=&#8220;{}&#8220;][et_pb_image src=&#8220;https:\/\/othal.de\/wp-content\/uploads\/2023\/04\/Logo-LGO_Popup.png&#8220; title_text=&#8220;Logo-LGO_Popup&#8220; disabled_on=&#8220;on|on|off&#8220; _builder_version=&#8220;4.21.0&#8243; _module_preset=&#8220;default&#8220; vertical_offset=&#8220;-157px&#8220; horizontal_offset=&#8220;-33px&#8220; z_index=&#8220;500&#8243; width=&#8220;200px&#8220; width_tablet=&#8220;30%&#8220; width_phone=&#8220;100%&#8220; width_last_edited=&#8220;on|phone&#8220; module_alignment=&#8220;center&#8220; global_colors_info=&#8220;{}&#8220;][\/et_pb_image][\/et_pb_column][et_pb_column type=&#8220;1_4&#8243; _builder_version=&#8220;4.16&#8243; _module_preset=&#8220;default&#8220; global_colors_info=&#8220;{}&#8220;][\/et_pb_column][\/et_pb_row][et_pb_row _builder_version=&#8220;4.19.4&#8243; _module_preset=&#8220;default&#8220; positioning=&#8220;absolute&#8220; position_origin_a=&#8220;bottom_center&#8220; vertical_offset=&#8220;30px&#8220; vertical_offset_tablet=&#8220;0px&#8220; vertical_offset_phone=&#8220;&#8220; vertical_offset_last_edited=&#8220;on|desktop&#8220; max_width=&#8220;80%&#8220; global_colors_info=&#8220;{}&#8220;][et_pb_column type=&#8220;4_4&#8243; _builder_version=&#8220;4.19.4&#8243; _module_preset=&#8220;default&#8220; global_colors_info=&#8220;{}&#8220;][et_pb_text _builder_version=&#8220;4.19.4&#8243; _module_preset=&#8220;default&#8220; text_font=&#8220;|700|||||||&#8220; text_text_color=&#8220;#20358c&#8220; text_font_size=&#8220;25px&#8220; header_font=&#8220;Zenith||||||||&#8220; header_font_size=&#8220;100px&#8220; header_2_font=&#8220;|600||on|||||&#8220; header_2_text_color=&#8220;#20358c&#8220; header_2_font_size=&#8220;40px&#8220; header_3_font=&#8220;|600||on|||||&#8220; header_3_text_color=&#8220;#20358c&#8220; header_3_font_size_tablet=&#8220;&#8220; header_3_font_size_phone=&#8220;26px&#8220; header_3_font_size_last_edited=&#8220;on|tablet&#8220; global_colors_info=&#8220;{}&#8220;]<\/p>\n<h1>Interskiregion<\/h1>\n<h2>Fichtelberg \u2013 Kl\u00ednovec<\/h2>\n<p>[\/et_pb_text][\/et_pb_column][\/et_pb_row][\/et_pb_section][et_pb_section fb_built=&#8220;1&#8243; custom_padding_last_edited=&#8220;on|phone&#8220; _builder_version=&#8220;4.19.4&#8243; _module_preset=&#8220;default&#8220; custom_padding_tablet=&#8220;0px||||false|false&#8220; custom_padding_phone=&#8220;0px||||false|false&#8220; global_colors_info=&#8220;{}&#8220;][et_pb_row column_structure=&#8220;2_5,3_5&#8243; custom_padding_last_edited=&#8220;on|tablet&#8220; _builder_version=&#8220;4.19.4&#8243; _module_preset=&#8220;default&#8220; custom_padding_tablet=&#8220;||0px||false|false&#8220; custom_padding_phone=&#8220;||0px||false|false&#8220; locked=&#8220;off&#8220; global_colors_info=&#8220;{}&#8220;][et_pb_column type=&#8220;2_5&#8243; _builder_version=&#8220;4.19.4&#8243; _module_preset=&#8220;default&#8220; global_colors_info=&#8220;{}&#8220;][et_pb_text _builder_version=&#8220;4.20.4&#8243; _module_preset=&#8220;default&#8220; text_text_color=&#8220;#383937&#8243; header_font=&#8220;Zenith||||||||&#8220; header_text_align=&#8220;left&#8220; header_line_height=&#8220;0.6em&#8220; header_2_font=&#8220;|600||on|||||&#8220; header_2_text_align=&#8220;left&#8220; header_2_text_color=&#8220;#e71230&#8243; width_tablet=&#8220;100%&#8220; width_phone=&#8220;&#8220; width_last_edited=&#8220;on|tablet&#8220; module_alignment=&#8220;right&#8220; custom_margin=&#8220;||||false|false&#8220; global_colors_info=&#8220;{}&#8220;]<\/p>\n<p>Interskiregion Fichtelberg-Kl\u00ednovec je nejv\u011bt\u0161\u00ed p\u0159eshrani\u010dn\u00ed n\u011bmecko-\u010desk\u00e1 alpsk\u00e1 ly\u017ea\u0159sk\u00e1 oblast pod\u00e9l h\u0159ebene Kru\u0161n\u00fdch hor.<\/p>\n<p>47 km klasifikovan\u00fdch sjezdovek s lehk\u00fdmi, st\u0159edn\u00edmi a t\u011b\u017ek\u00fdmi sjezdy nab\u00edz\u00ed spoustu rozmanitosti a z\u00e1bavy.<\/p>\n<p>Bezplatn\u00fdm skibusem se pohodln\u011b dostanete na Kl\u00ednovec a zp\u011bt do Oberwiesenthalu.<\/p>\n<p>[\/et_pb_text][et_pb_button button_url=&#8220;@ET-DC@eyJkeW5hbWljIjp0cnVlLCJjb250ZW50IjoicG9zdF9saW5rX3VybF9wYWdlIiwic2V0dGluZ3MiOnsicG9zdF9pZCI6IjI0MTU5NyJ9fQ==@&#8220; button_text=&#8220;k j\u00edzdn\u00edmu \u0159\u00e1du&#8220; _builder_version=&#8220;4.19.4&#8243; _dynamic_attributes=&#8220;button_url&#8220; _module_preset=&#8220;default&#8220; custom_button=&#8220;on&#8220; button_text_size=&#8220;16px&#8220; button_text_color=&#8220;#383937&#8243; button_bg_color=&#8220;RGBA(255,255,255,0)&#8220; button_border_width=&#8220;0px&#8220; button_border_radius=&#8220;0px&#8220; button_font=&#8220;||||on||||&#8220; button_icon=&#8220;&#x24;||divi||400&#8243; button_on_hover=&#8220;off&#8220; custom_padding=&#8220;0px|0px|0px|0px|false|false&#8220; button_text_size_tablet=&#8220;16px&#8220; button_text_size_phone=&#8220;14px&#8220; button_text_size_last_edited=&#8220;on|phone&#8220; global_colors_info=&#8220;{}&#8220;][\/et_pb_button][\/et_pb_column][et_pb_column type=&#8220;3_5&#8243; _builder_version=&#8220;4.19.4&#8243; _module_preset=&#8220;default&#8220; global_colors_info=&#8220;{}&#8220;][et_pb_image src=&#8220;https:\/\/othal.de\/wp-content\/uploads\/2023\/03\/oberwiesenthal-winter-ski-fichtelberg.jpg&#8220; title_text=&#8220;oberwiesenthal-winter-ski-fichtelberg&#8220; _builder_version=&#8220;4.19.4&#8243; _module_preset=&#8220;default&#8220; global_colors_info=&#8220;{}&#8220;][\/et_pb_image][et_pb_text _builder_version=&#8220;4.19.4&#8243; _module_preset=&#8220;default&#8220; text_font=&#8220;|700|||||||&#8220; header_4_font=&#8220;|700|||||||&#8220; header_4_text_align=&#8220;right&#8220; header_4_text_color=&#8220;rgba(146,188,227,0.3)&#8220; header_4_font_size=&#8220;170px&#8220; header_4_line_height=&#8220;80px&#8220; positioning=&#8220;absolute&#8220; position_origin_a=&#8220;bottom_right&#8220; vertical_offset=&#8220;-20px&#8220; horizontal_offset=&#8220;-80px&#8220; vertical_offset_tablet=&#8220;-20px&#8220; vertical_offset_phone=&#8220;-20px&#8220; vertical_offset_last_edited=&#8220;on|phone&#8220; horizontal_offset_tablet=&#8220;-40px&#8220; horizontal_offset_phone=&#8220;-40px&#8220; horizontal_offset_last_edited=&#8220;on|phone&#8220; width=&#8220;100%&#8220; custom_margin=&#8220;||0px||false|false&#8220; custom_padding=&#8220;||0px||false|false&#8220; header_4_font_size_tablet=&#8220;100px&#8220; header_4_font_size_phone=&#8220;80px&#8220; header_4_font_size_last_edited=&#8220;on|phone&#8220; locked=&#8220;off&#8220; global_colors_info=&#8220;{}&#8220;]<\/p>\n<h4>47 km<\/h4>\n<p>[\/et_pb_text][\/et_pb_column][\/et_pb_row][\/et_pb_section][et_pb_section fb_built=&#8220;1&#8243; custom_padding_last_edited=&#8220;on|phone&#8220; _builder_version=&#8220;4.19.4&#8243; _module_preset=&#8220;default&#8220; custom_margin_tablet=&#8220;0px||||false|false&#8220; custom_margin_phone=&#8220;0px||||false|false&#8220; custom_margin_last_edited=&#8220;on|tablet&#8220; custom_padding=&#8220;||0px|||&#8220; custom_padding_tablet=&#8220;0px||||false|false&#8220; custom_padding_phone=&#8220;0px||||false|false&#8220; locked=&#8220;off&#8220; global_colors_info=&#8220;{}&#8220;][et_pb_row column_structure=&#8220;1_3,1_3,1_3&#8243; use_custom_gutter=&#8220;on&#8220; gutter_width=&#8220;2&#8243; disabled_on=&#8220;on|on|off&#8220; _builder_version=&#8220;4.27.4&#8243; _module_preset=&#8220;default&#8220; custom_margin=&#8220;||||false|false&#8220; custom_padding=&#8220;||0px||false|false&#8220; hover_enabled=&#8220;0&#8243; custom_css_main_element=&#8220;display:flex&#8220; global_colors_info=&#8220;{}&#8220; sticky_enabled=&#8220;0&#8243;][et_pb_column type=&#8220;1_3&#8243; _builder_version=&#8220;4.19.4&#8243; _dynamic_attributes=&#8220;link_option_url&#8220; _module_preset=&#8220;default&#8220; custom_padding=&#8220;||||false|false&#8220; link_option_url=&#8220;@ET-DC@eyJkeW5hbWljIjp0cnVlLCJjb250ZW50IjoicG9zdF9saW5rX3VybF9wYWdlIiwic2V0dGluZ3MiOnsicG9zdF9pZCI6IjI2MzIifX0=@&#8220; custom_css_main_element=&#8220;width:48%!important&#8220; global_colors_info=&#8220;{}&#8220;][et_pb_image src=&#8220;https:\/\/othal.de\/wp-content\/uploads\/2023\/03\/oberwiesenthal-pistenplan.jpg&#8220; title_text=&#8220;oberwiesenthal-pistenplan&#8220; force_fullwidth=&#8220;on&#8220; _builder_version=&#8220;4.19.4&#8243; _module_preset=&#8220;default&#8220; global_colors_info=&#8220;{}&#8220; transform_styles__hover_enabled=&#8220;on|hover&#8220; transform_scale__hover_enabled=&#8220;on|hover&#8220; transform_translate__hover_enabled=&#8220;on|desktop&#8220; transform_rotate__hover_enabled=&#8220;on|desktop&#8220; transform_skew__hover_enabled=&#8220;on|desktop&#8220; transform_origin__hover_enabled=&#8220;on|desktop&#8220; transform_scale__hover=&#8220;105%|105%&#8220;][\/et_pb_image][et_pb_text _builder_version=&#8220;4.19.4&#8243; _module_preset=&#8220;default&#8220; header_3_text_color=&#8220;#FFFFFF&#8220; positioning=&#8220;absolute&#8220; position_origin_a=&#8220;bottom_left&#8220; width=&#8220;90%&#8220; custom_margin=&#8220;||30px|20px|false|false&#8220; global_colors_info=&#8220;{}&#8220;]<\/p>\n<h3>Mapy sjezdovek<\/h3>\n<p>[\/et_pb_text][\/et_pb_column][et_pb_column type=&#8220;1_3&#8243; _builder_version=&#8220;4.27.4&#8243; _module_preset=&#8220;default&#8220; background_color=&#8220;#92bce3&#8243; custom_padding=&#8220;||||false|false&#8220; link_option_url=&#8220;https:\/\/othal-tickets.de\/&#8220; link_option_url_new_window=&#8220;on&#8220; hover_enabled=&#8220;0&#8243; custom_css_main_element=&#8220;width:24%!important;||height:200px;&#8220; global_colors_info=&#8220;{}&#8220; transform_styles__hover_enabled=&#8220;on|hover&#8220; transform_scale__hover_enabled=&#8220;on|hover&#8220; transform_translate__hover_enabled=&#8220;on|desktop&#8220; transform_rotate__hover_enabled=&#8220;on|desktop&#8220; transform_skew__hover_enabled=&#8220;on|desktop&#8220; transform_origin__hover_enabled=&#8220;on|desktop&#8220; transform_scale__hover=&#8220;105%|105%&#8220; sticky_enabled=&#8220;0&#8243;][et_pb_image src=&#8220;https:\/\/othal.de\/wp-content\/uploads\/2023\/02\/Icons-OTHAL_Tickets.svg&#8220; title_text=&#8220;Icons-OTHAL_Tickets&#8220; _builder_version=&#8220;4.19.4&#8243; _module_preset=&#8220;default&#8220; width=&#8220;60px&#8220; custom_margin=&#8220;20px|||20px|false|false&#8220; global_colors_info=&#8220;{}&#8220;][\/et_pb_image][et_pb_text _builder_version=&#8220;4.19.4&#8243; _module_preset=&#8220;default&#8220; header_font=&#8220;||||||||&#8220; header_3_text_color=&#8220;#FFFFFF&#8220; positioning=&#8220;absolute&#8220; position_origin_a=&#8220;bottom_left&#8220; width=&#8220;80%&#8220; custom_margin=&#8220;||10px|20px|false|false&#8220; global_colors_info=&#8220;{}&#8220;]<\/p>\n<h3>Ticketshop<\/h3>\n<p>[\/et_pb_text][\/et_pb_column][et_pb_column type=&#8220;1_3&#8243; _builder_version=&#8220;4.19.4&#8243; _dynamic_attributes=&#8220;link_option_url&#8220; _module_preset=&#8220;default&#8220; background_color=&#8220;#e71230&#8243; custom_padding=&#8220;||||false|false&#8220; link_option_url=&#8220;@ET-DC@eyJkeW5hbWljIjp0cnVlLCJjb250ZW50IjoicG9zdF9saW5rX3VybF9wYWdlIiwic2V0dGluZ3MiOnsicG9zdF9pZCI6IjI0MTU5NyJ9fQ==@&#8220; custom_css_main_element=&#8220;width:24%!important;||height:200px;&#8220; global_colors_info=&#8220;{}&#8220; transform_styles__hover_enabled=&#8220;on|hover&#8220; transform_scale__hover_enabled=&#8220;on|hover&#8220; transform_translate__hover_enabled=&#8220;on|desktop&#8220; transform_rotate__hover_enabled=&#8220;on|desktop&#8220; transform_skew__hover_enabled=&#8220;on|desktop&#8220; transform_origin__hover_enabled=&#8220;on|desktop&#8220; transform_scale__hover=&#8220;105%|105%&#8220;][et_pb_text _builder_version=&#8220;4.19.4&#8243; _module_preset=&#8220;default&#8220; header_font=&#8220;||||||||&#8220; header_3_text_color=&#8220;#FFFFFF&#8220; header_3_line_height=&#8220;30px&#8220; positioning=&#8220;absolute&#8220; width=&#8220;80%&#8220; custom_margin=&#8220;20px|||20px|false|false&#8220; global_colors_info=&#8220;{}&#8220;]<\/p>\n<h3>Skibus<\/h3>\n<p>[\/et_pb_text][et_pb_image src=&#8220;https:\/\/othal.de\/wp-content\/uploads\/2023\/02\/Icons-OTHAL_Skibus.svg&#8220; title_text=&#8220;Icons-OTHAL_Skibus&#8220; _builder_version=&#8220;4.19.4&#8243; _module_preset=&#8220;default&#8220; positioning=&#8220;absolute&#8220; position_origin_a=&#8220;bottom_left&#8220; width=&#8220;60px&#8220; custom_margin=&#8220;||20px|20px|false|false&#8220; global_colors_info=&#8220;{}&#8220;][\/et_pb_image][\/et_pb_column][\/et_pb_row][et_pb_row column_structure=&#8220;1_4,1_4,1_4,1_4&#8243; use_custom_gutter=&#8220;on&#8220; gutter_width=&#8220;2&#8243; custom_padding_last_edited=&#8220;on|tablet&#8220; disabled_on=&#8220;off|off|on&#8220; _builder_version=&#8220;4.27.4&#8243; _module_preset=&#8220;default&#8220; custom_padding_tablet=&#8220;0px||||false|false&#8220; custom_padding_phone=&#8220;0px||||false|false&#8220; hover_enabled=&#8220;0&#8243; custom_css_main_element=&#8220;display:flex;||justify-content: space-between!important&#8220; global_colors_info=&#8220;{}&#8220; sticky_enabled=&#8220;0&#8243;][et_pb_column type=&#8220;1_4&#8243; _builder_version=&#8220;4.19.4&#8243; _dynamic_attributes=&#8220;link_option_url&#8220; _module_preset=&#8220;default&#8220; link_option_url=&#8220;@ET-DC@eyJkeW5hbWljIjp0cnVlLCJjb250ZW50IjoicG9zdF9saW5rX3VybF9wYWdlIiwic2V0dGluZ3MiOnsicG9zdF9pZCI6IjI2MzIifX0=@&#8220; custom_css_main_element=&#8220;width:48%!important;&#8220; global_colors_info=&#8220;{}&#8220; custom_css_main_element_last_edited=&#8220;on|phone&#8220; custom_css_main_element_phone=&#8220;width:100%!important&#8220; custom_css_main_element_tablet=&#8220;width:100%!important&#8220;][et_pb_image src=&#8220;https:\/\/othal.de\/wp-content\/uploads\/2023\/03\/oberwiesenthal-pistenplan.jpg&#8220; title_text=&#8220;oberwiesenthal-pistenplan&#8220; _builder_version=&#8220;4.19.4&#8243; _module_preset=&#8220;default&#8220; width=&#8220;100%&#8220; width_tablet=&#8220;100%&#8220; width_last_edited=&#8220;off|desktop&#8220; custom_margin=&#8220;||0px||false|false&#8220; custom_padding=&#8220;||0px||false|false&#8220; global_colors_info=&#8220;{}&#8220; transform_styles__hover_enabled=&#8220;on|hover&#8220; transform_scale__hover_enabled=&#8220;on|hover&#8220; transform_translate__hover_enabled=&#8220;on|desktop&#8220; transform_rotate__hover_enabled=&#8220;on|desktop&#8220; transform_skew__hover_enabled=&#8220;on|desktop&#8220; transform_origin__hover_enabled=&#8220;on|desktop&#8220; transform_scale__hover=&#8220;105%|105%&#8220;][\/et_pb_image][et_pb_text _builder_version=&#8220;4.27.4&#8243; _module_preset=&#8220;default&#8220; header_font=&#8220;||||||||&#8220; header_3_text_color=&#8220;#FFFFFF&#8220; positioning=&#8220;absolute&#8220; width=&#8220;80%&#8220; custom_margin=&#8220;10px|||10px|false|false&#8220; custom_margin_tablet=&#8220;20px|||10px|false|false&#8220; custom_margin_phone=&#8220;10px||0px|10px|false|false&#8220; custom_margin_last_edited=&#8220;on|phone&#8220; hover_enabled=&#8220;0&#8243; global_colors_info=&#8220;{}&#8220; sticky_enabled=&#8220;0&#8243;]<\/p>\n<h3>Mapy sjezdovek<\/h3>\n<p>[\/et_pb_text][\/et_pb_column][et_pb_column type=&#8220;1_4&#8243; _builder_version=&#8220;4.27.4&#8243; _module_preset=&#8220;default&#8220; background_color=&#8220;#92bce3&#8243; link_option_url=&#8220;https:\/\/othal-tickets.de\/&#8220; link_option_url_new_window=&#8220;on&#8220; hover_enabled=&#8220;0&#8243; custom_css_main_element=&#8220;width:48%!important;||aspect-ratio:1;||margin-bottom:0px!important&#8220; global_colors_info=&#8220;{}&#8220; custom_css_main_element_last_edited=&#8220;on|desktop&#8220; custom_css_main_element_tablet=&#8220;width:48%!important;||aspect-ratio:1;||margin-bottom:0px!important&#8220; custom_css_main_element_phone=&#8220;width:48%!important;||aspect-ratio:1;||margin-bottom:0px!important&#8220; transform_styles__hover_enabled=&#8220;on|hover&#8220; transform_scale__hover_enabled=&#8220;on|hover&#8220; transform_translate__hover_enabled=&#8220;on|desktop&#8220; transform_rotate__hover_enabled=&#8220;on|desktop&#8220; transform_skew__hover_enabled=&#8220;on|desktop&#8220; transform_origin__hover_enabled=&#8220;on|desktop&#8220; transform_scale__hover=&#8220;105%|105%&#8220; sticky_enabled=&#8220;0&#8243;][et_pb_text _builder_version=&#8220;4.19.4&#8243; _module_preset=&#8220;default&#8220; header_font=&#8220;||||||||&#8220; header_3_text_align=&#8220;left&#8220; header_3_text_color=&#8220;#FFFFFF&#8220; positioning=&#8220;absolute&#8220; width=&#8220;90%&#8220; width_tablet=&#8220;90%&#8220; width_phone=&#8220;100%&#8220; width_last_edited=&#8220;on|phone&#8220; custom_margin=&#8220;20px|||20px|false|false&#8220; custom_margin_tablet=&#8220;20px|||20px|false|false&#8220; custom_margin_phone=&#8220;10px|||10px|false|false&#8220; custom_margin_last_edited=&#8220;on|phone&#8220; global_colors_info=&#8220;{}&#8220;]<\/p>\n<h3>Ticketshop<\/h3>\n<p>[\/et_pb_text][et_pb_image src=&#8220;https:\/\/othal.de\/wp-content\/uploads\/2023\/02\/Icons-OTHAL_Tickets.svg&#8220; title_text=&#8220;Icons-OTHAL_Tickets&#8220; _builder_version=&#8220;4.19.4&#8243; _module_preset=&#8220;default&#8220; positioning=&#8220;absolute&#8220; position_origin_a=&#8220;bottom_left&#8220; width_tablet=&#8220;60px&#8220; width_phone=&#8220;60px&#8220; width_last_edited=&#8220;on|phone&#8220; custom_margin=&#8220;||20px|20px|false|false&#8220; global_colors_info=&#8220;{}&#8220;][\/et_pb_image][\/et_pb_column][et_pb_column type=&#8220;1_4&#8243; module_class=&#8220;ticketshop-mobile&#8220; _builder_version=&#8220;4.19.4&#8243; _dynamic_attributes=&#8220;link_option_url&#8220; _module_preset=&#8220;default&#8220; background_color=&#8220;#e71230&#8243; custom_padding=&#8220;||||false|false&#8220; link_option_url=&#8220;@ET-DC@eyJkeW5hbWljIjp0cnVlLCJjb250ZW50IjoicG9zdF9saW5rX3VybF9wYWdlIiwic2V0dGluZ3MiOnsicG9zdF9pZCI6IjI0MTU5NyJ9fQ==@&#8220; custom_css_main_element=&#8220;width:48%!important;||aspect-ratio:1;||margin-bottom:0px!important&#8220; global_colors_info=&#8220;{}&#8220; transform_styles__hover_enabled=&#8220;on|hover&#8220; transform_scale__hover_enabled=&#8220;on|hover&#8220; transform_translate__hover_enabled=&#8220;on|desktop&#8220; transform_rotate__hover_enabled=&#8220;on|desktop&#8220; transform_skew__hover_enabled=&#8220;on|desktop&#8220; transform_origin__hover_enabled=&#8220;on|desktop&#8220; transform_scale__hover=&#8220;105%|105%&#8220;][et_pb_text _builder_version=&#8220;4.19.4&#8243; _module_preset=&#8220;default&#8220; header_font=&#8220;||||||||&#8220; header_3_text_align=&#8220;left&#8220; header_3_text_color=&#8220;#FFFFFF&#8220; positioning=&#8220;absolute&#8220; width=&#8220;90%&#8220; width_tablet=&#8220;90%&#8220; width_phone=&#8220;85%&#8220; width_last_edited=&#8220;on|phone&#8220; custom_margin=&#8220;20px|||20px|false|false&#8220; custom_margin_tablet=&#8220;20px|||20px|false|false&#8220; custom_margin_phone=&#8220;10px|||10px|false|false&#8220; custom_margin_last_edited=&#8220;on|phone&#8220; global_colors_info=&#8220;{}&#8220;]<\/p>\n<h3>Skibus<\/h3>\n<p>[\/et_pb_text][et_pb_image src=&#8220;https:\/\/othal.de\/wp-content\/uploads\/2023\/02\/Icons-OTHAL_Skibus.svg&#8220; title_text=&#8220;Icons-OTHAL_Skibus&#8220; _builder_version=&#8220;4.19.4&#8243; _module_preset=&#8220;default&#8220; positioning=&#8220;absolute&#8220; position_origin_a=&#8220;bottom_left&#8220; width=&#8220;60px&#8220; custom_margin=&#8220;||20px|20px|false|false&#8220; global_colors_info=&#8220;{}&#8220;][\/et_pb_image][\/et_pb_column][et_pb_column type=&#8220;1_4&#8243; _builder_version=&#8220;4.19.4&#8243; _module_preset=&#8220;default&#8220; global_colors_info=&#8220;{}&#8220;][\/et_pb_column][\/et_pb_row][\/et_pb_section]<\/p>\n<span class=\"et_bloom_bottom_trigger\"><\/span>","protected":false},"excerpt":{"rendered":"<p>Interskiregion Fichtelberg \u2013 Kl\u00ednovecInterskiregion Fichtelberg-Kl\u00ednovec je nejv\u011bt\u0161\u00ed p\u0159eshrani\u010dn\u00ed n\u011bmecko-\u010desk\u00e1 alpsk\u00e1 ly\u017ea\u0159sk\u00e1 oblast pod\u00e9l h\u0159ebene Kru\u0161n\u00fdch hor. 47 km klasifikovan\u00fdch sjezdovek s lehk\u00fdmi, st\u0159edn\u00edmi a t\u011b\u017ek\u00fdmi sjezdy nab\u00edz\u00ed spoustu rozmanitosti a z\u00e1bavy. Bezplatn\u00fdm skibusem se pohodln\u011b dostanete na Kl\u00ednovec a zp\u011bt do Oberwiesenthalu.47 kmMapy sjezdovekTicketshopSkibusMapy sjezdovekTicketshopSkibus<\/p>\n","protected":false},"author":1,"featured_media":0,"parent":262723,"menu_order":0,"comment_status":"closed","ping_status":"closed","template":"","meta":{"_acf_changed":false,"_et_pb_use_builder":"on","_et_pb_old_content":"","_et_gb_content_width":"","inline_featured_image":false,"footnotes":""},"class_list":["post-262707","page","type-page","status-publish","hentry"],"acf":[],"_links":{"self":[{"href":"https:\/\/othal.de\/cs\/wp-json\/wp\/v2\/pages\/262707","targetHints":{"allow":["GET"]}}],"collection":[{"href":"https:\/\/othal.de\/cs\/wp-json\/wp\/v2\/pages"}],"about":[{"href":"https:\/\/othal.de\/cs\/wp-json\/wp\/v2\/types\/page"}],"author":[{"embeddable":true,"href":"https:\/\/othal.de\/cs\/wp-json\/wp\/v2\/users\/1"}],"replies":[{"embeddable":true,"href":"https:\/\/othal.de\/cs\/wp-json\/wp\/v2\/comments?post=262707"}],"version-history":[{"count":7,"href":"https:\/\/othal.de\/cs\/wp-json\/wp\/v2\/pages\/262707\/revisions"}],"predecessor-version":[{"id":262720,"href":"https:\/\/othal.de\/cs\/wp-json\/wp\/v2\/pages\/262707\/revisions\/262720"}],"up":[{"embeddable":true,"href":"https:\/\/othal.de\/cs\/wp-json\/wp\/v2\/pages\/262723"}],"wp:attachment":[{"href":"https:\/\/othal.de\/cs\/wp-json\/wp\/v2\/media?parent=262707"}],"curies":[{"name":"wp","href":"https:\/\/api.w.org\/{rel}","templated":true}]}}